{"id":13,"date":"2015-06-23T17:55:19","date_gmt":"2015-06-23T16:55:19","guid":{"rendered":"http:\/\/zarybska16.cz\/?page_id=13"},"modified":"2016-11-06T10:44:12","modified_gmt":"2016-11-06T09:44:12","slug":"dokumenty","status":"publish","type":"page","link":"http:\/\/zarybska16.cz\/index.php\/dokumenty\/","title":{"rendered":"Dokumenty"},"content":{"rendered":"<p><a href=\"http:\/\/zarybska16.cz\/wp-content\/uploads\/2016\/11\/Domovn\u00ed-\u0159\u00e1d-BD-Z\u00e1rybsk\u00e1-16-platn\u00fd-od-19-10-2016.pdf\">Domovn\u00ed \u0159\u00e1d BD Z\u00e1rybsk\u00e1 16 platn\u00fd od 19-10-2016<\/a><\/p>\n<p>Dokumenty ke sta\u017een\u00ed:<br \/>\n<a href=\"http:\/\/zarybska16.cz\/wp-content\/uploads\/2015\/06\/Pln\u00e1-moc-k-zastupov\u00e1n\u00ed-na-sch\u016fzi.pdf\">Pln\u00e1 moc k zastupov\u00e1n\u00ed na sch\u016fzi<\/a><\/p>\n<p>&nbsp;<\/p>\n","protected":false},"excerpt":{"rendered":"<p>Domovn\u00ed \u0159\u00e1d BD Z\u00e1rybsk\u00e1 16 platn\u00fd od 19-10-2016 Dokumenty ke sta\u017een\u00ed: Pln\u00e1 moc k zastupov\u00e1n\u00ed na sch\u016fzi &nbsp;<\/p>\n","protected":false},"author":1,"featured_media":0,"parent":0,"menu_order":0,"comment_status":"closed","ping_status":"closed","template":"","meta":[],"_links":{"self":[{"href":"http:\/\/zarybska16.cz\/index.php\/wp-json\/wp\/v2\/pages\/13"}],"collection":[{"href":"http:\/\/zarybska16.cz\/index.php\/wp-json\/wp\/v2\/pages"}],"about":[{"href":"http:\/\/zarybska16.cz\/index.php\/wp-json\/wp\/v2\/types\/page"}],"author":[{"embeddable":true,"href":"http:\/\/zarybska16.cz\/index.php\/wp-json\/wp\/v2\/users\/1"}],"replies":[{"embeddable":true,"href":"http:\/\/zarybska16.cz\/index.php\/wp-json\/wp\/v2\/comments?post=13"}],"version-history":[{"count":6,"href":"http:\/\/zarybska16.cz\/index.php\/wp-json\/wp\/v2\/pages\/13\/revisions"}],"predecessor-version":[{"id":196,"href":"http:\/\/zarybska16.cz\/index.php\/wp-json\/wp\/v2\/pages\/13\/revisions\/196"}],"wp:attachment":[{"href":"http:\/\/zarybska16.cz\/index.php\/wp-json\/wp\/v2\/media?parent=13"}],"curies":[{"name":"wp","href":"https:\/\/api.w.org\/{rel}","templated":true}]}}