{"id":15,"date":"2015-06-23T17:55:38","date_gmt":"2015-06-23T16:55:38","guid":{"rendered":"http:\/\/zarybska16.cz\/?page_id=15"},"modified":"2016-01-08T11:08:37","modified_gmt":"2016-01-08T10:08:37","slug":"stanovy-a-poplatky","status":"publish","type":"page","link":"http:\/\/zarybska16.cz\/index.php\/stanovy-a-poplatky\/","title":{"rendered":"Stanovy a poplatky"},"content":{"rendered":"<p><a href=\"http:\/\/zarybska16.cz\/wp-content\/uploads\/2015\/06\/Stanovy-BD-Z\u00e1rybsk\u00e1-16-nov\u00e9.pdf\">Stanovy BD Z\u00e1rybsk\u00e1 16<br \/>\n<\/a><\/p>\n","protected":false},"excerpt":{"rendered":"<p>Stanovy BD Z\u00e1rybsk\u00e1 16<\/p>\n","protected":false},"author":1,"featured_media":0,"parent":0,"menu_order":0,"comment_status":"closed","ping_status":"closed","template":"","meta":[],"_links":{"self":[{"href":"http:\/\/zarybska16.cz\/index.php\/wp-json\/wp\/v2\/pages\/15"}],"collection":[{"href":"http:\/\/zarybska16.cz\/index.php\/wp-json\/wp\/v2\/pages"}],"about":[{"href":"http:\/\/zarybska16.cz\/index.php\/wp-json\/wp\/v2\/types\/page"}],"author":[{"embeddable":true,"href":"http:\/\/zarybska16.cz\/index.php\/wp-json\/wp\/v2\/users\/1"}],"replies":[{"embeddable":true,"href":"http:\/\/zarybska16.cz\/index.php\/wp-json\/wp\/v2\/comments?post=15"}],"version-history":[{"count":3,"href":"http:\/\/zarybska16.cz\/index.php\/wp-json\/wp\/v2\/pages\/15\/revisions"}],"predecessor-version":[{"id":160,"href":"http:\/\/zarybska16.cz\/index.php\/wp-json\/wp\/v2\/pages\/15\/revisions\/160"}],"wp:attachment":[{"href":"http:\/\/zarybska16.cz\/index.php\/wp-json\/wp\/v2\/media?parent=15"}],"curies":[{"name":"wp","href":"https:\/\/api.w.org\/{rel}","templated":true}]}}